{"id":269,"date":"2017-01-10T23:54:05","date_gmt":"2017-01-10T23:54:05","guid":{"rendered":"http:\/\/themenectar.com\/demo\/salient-minimal-portfolio\/?page_id=6"},"modified":"2024-04-08T14:10:49","modified_gmt":"2024-04-08T14:10:49","slug":"6-2","status":"publish","type":"page","link":"https:\/\/svartitindur.is\/","title":{"rendered":"Home &#8211; Minimal Portfolio"},"content":{"rendered":"[vc_row type=&#8221;full_width_background&#8221; full_screen_row_position=&#8221;middle&#8221; scene_position=&#8221;center&#8221; text_color=&#8221;dark&#8221; text_align=&#8221;left&#8221; top_padding=&#8221;120&#8243; bottom_padding=&#8221;80&#8243; overlay_strength=&#8221;0.3&#8243; shape_divider_position=&#8221;bottom&#8221; shape_type=&#8221;&#8221;][vc_column column_padding=&#8221;no-extra-padding&#8221; column_padding_position=&#8221;all&#8221; background_color_opacity=&#8221;1&#8243; background_hover_color_opacity=&#8221;1&#8243; column_link_target=&#8221;_self&#8221; column_shadow=&#8221;none&#8221; column_border_radius=&#8221;none&#8221; top_margin=&#8221;0&#8243; width=&#8221;1\/1&#8243; tablet_width_inherit=&#8221;default&#8221; tablet_text_alignment=&#8221;default&#8221; phone_text_alignment=&#8221;default&#8221; column_border_width=&#8221;none&#8221; column_border_style=&#8221;solid&#8221;]<div  data-transition=\"slide\" data-overall_style=\"classic\" data-flexible-height=\"true\" data-animate-in-effect=\"zoom-out\" data-fullscreen=\"true\" data-button-sizing=\"jumbo\" data-button-styling=\"btn_with_count\" data-autorotate=\"\" data-parallax=\"false\" data-parallax-disable-mobile=\"\" data-caption-trans=\"fade_in_from_bottom\" data-parallax-style=\"bg_only\" data-bg-animation=\"none\" data-full-width=\"true\" class=\"nectar-slider-wrap \" id=\"ns-id-69d9c3efb316d\" style=\"min-height: 400px; \"><div class=\"swiper-container\" style=\"min-height: 400px; \"  data-tho=\"auto\" data-tco=\"auto\" data-pho=\"auto\" data-pco=\"auto\" data-loop=\"false\" data-height=\"650\" data-min-height=\"400\" data-arrows=\"false\" data-bullets=\"false\" data-bullet_style=\"see_through\" data-bullet_position=\"bottom\" data-desktop-swipe=\"false\" data-settings=\"\"> <div class=\"swiper-wrapper\"><div class=\"swiper-slide text-grey\" data-desktop-content-width=\"auto\" data-tablet-content-width=\"auto\" data-bg-alignment=\"center\" data-color-scheme=\"dark\" data-x-pos=\"left\" data-y-pos=\"middle\" style=\"min-height: 400px; \"> \r\n\t\t\t\t\t\t\t\t<div class=\"slide-bg-wrap\"><div class=\"image-bg\" style=\"background-image: url(https:\/\/svartitindur.is\/wp-content\/uploads\/2021\/04\/skessuhorn.jpeg);\"> &nbsp; <\/div><\/div><div class=\"container\">\r\n\t\t\t\t\t\t\t\t\t<div class=\"content\"><h2>Svartitindur<\/br>veitir skapandi marka\u00f0sr\u00e1\u00f0gj\u00f6f<\/br>bygg\u00f0a \u00e1 \u00feekkingu og g\u00f6gnum<\/br><\/h2><div class=\"buttons\"><div class=\"button solid_color\">\r\n\t\t\t\t\t\t\t\t\t\t\t\t \t\t <a class=\"primary-color\" href=\"http:\/\/svartitindur.is\/index.php\/hafa-samband\/\">Haf\u00f0u samband<\/a>\r\n\t\t\t\t\t\t\t\t\t\t\t\t \t <\/div><\/div><\/div>\r\n\t\t\t\t\t\t\t\t<\/div><!--\/container--><div class=\"video-texture active_texture\"> <span class=\"ie-fix\"><\/span> <\/div><\/div> <!--\/swiper-slide--><\/div><div class=\"nectar-slider-loading \"> <span class=\"loading-icon none\">   <\/span> <\/div> <\/div> \r\n\t\t\t\t\r\n\t\t\t<\/div>[\/vc_column][vc_column column_padding=&#8221;no-extra-padding&#8221; column_padding_position=&#8221;all&#8221; background_color_opacity=&#8221;1&#8243; background_hover_color_opacity=&#8221;1&#8243; column_link_target=&#8221;_self&#8221; column_shadow=&#8221;none&#8221; column_border_radius=&#8221;none&#8221; width=&#8221;1\/1&#8243; tablet_width_inherit=&#8221;default&#8221; tablet_text_alignment=&#8221;default&#8221; phone_text_alignment=&#8221;default&#8221; column_border_width=&#8221;none&#8221; column_border_style=&#8221;solid&#8221;][\/vc_column][\/vc_row][vc_row type=&#8221;full_width_background&#8221; full_screen_row_position=&#8221;middle&#8221; bg_color=&#8221;#ffffff&#8221; scene_position=&#8221;center&#8221; text_color=&#8221;dark&#8221; text_align=&#8221;left&#8221; top_padding=&#8221;120&#8243; bottom_padding=&#8221;80&#8243; overlay_strength=&#8221;0.3&#8243; shape_divider_position=&#8221;bottom&#8221; shape_type=&#8221;&#8221;][vc_column column_padding=&#8221;no-extra-padding&#8221; column_padding_position=&#8221;all&#8221; background_color_opacity=&#8221;1&#8243; background_hover_color_opacity=&#8221;1&#8243; column_link_target=&#8221;_self&#8221; column_shadow=&#8221;none&#8221; column_border_radius=&#8221;none&#8221; top_margin=&#8221;-20&#8243; width=&#8221;1\/1&#8243; tablet_width_inherit=&#8221;default&#8221; tablet_text_alignment=&#8221;default&#8221; phone_text_alignment=&#8221;default&#8221; column_border_width=&#8221;none&#8221; column_border_style=&#8221;solid&#8221;]<div class=\"divider-wrap\" data-alignment=\"default\"><div style=\"height: 150px;\" class=\"divider\"><\/div><\/div>[vc_column_text max_width=&#8221;700&#8243; css=&#8221;.vc_custom_1618846753258{margin-bottom: 30px !important;}&#8221;]\n<h2 id=\"tw-target-text\" class=\"tw-data-text tw-ta tw-text-medium\" dir=\"ltr\" data-placeholder=\"Translation\"><span lang=\"is\" style=\"color: #000000;\" tabindex=\"0\">Um Svartatind <\/span><\/h2>\n<p class=\"tw-data-text tw-ta tw-text-medium\" dir=\"ltr\" data-placeholder=\"Translation\"><span lang=\"is\" style=\"color: #000000;\" tabindex=\"0\">Svartitindur veitir marka\u00f0s- og rekstrar\u00e1\u00f0gj\u00f6f til fyrirt\u00e6kja og stofnanna. Vi\u00f0 einbeitum okkur a\u00f0 fyrirt\u00e6kjum sem \u00feurfa a\u00f0sto\u00f0 vi\u00f0 a\u00f0 n\u00e1 til vi\u00f0skiptavina sem erfitt er a\u00f0 n\u00e1 til. Vi\u00f0 vinnum \u00fev\u00ed mest me\u00f0 hra\u00f0skalanlegum frumkv\u00f6\u00f0lum sem enn eru a\u00f0 sta\u00f0setja vi\u00f0skiptavini s\u00edna og fer\u00f0a\u00fej\u00f3nustufyrirt\u00e6kjum sem eru me\u00f0 flesta s\u00edna vi\u00f0skiptavini erlendis.<\/span><\/p>\n<p dir=\"ltr\" data-placeholder=\"Translation\"><span style=\"color: #000000;\">Vi\u00f0 setjum einnig upp vinnustofur, r\u00e1\u00f0stefnur og verkefnast\u00fdrum verkefnum sem tengjast n\u00fdsk\u00f6pun, fer\u00f0a\u00fej\u00f3nustu og menntun.<\/span><\/p>\n<p><span style=\"color: #000000;\">\u00cd sumum tilfellum hj\u00e1lpum vi\u00f0 me\u00f0 rekstur fyrirt\u00e6kja, \u00fe\u00e1 s\u00e9rstaklega \u00e1fangasta\u00f0a \u00ed fer\u00f0a\u00fej\u00f3nustu. \u00dear sj\u00e1um vi\u00f0 um allan rekstur fr\u00e1 a-\u00f6 e\u00f0a eftir samkomulagi vi\u00f0 eigendur. S\u00f6fn, s\u00fdningar, \u00fats\u00fdnissta\u00f0ir, n\u00e1tt\u00farperlur \u00ed einkaeign og uppl\u00fdsingami\u00f0st\u00f6\u00f0var eru d\u00e6mi um verkefni sem vi\u00f0 h\u00f6fum komi\u00f0 a\u00f0. Vi\u00f0 erum s\u00e9rstaklega spennt fyrir sj\u00e1lfvirkum a\u00f0gangsst\u00fdringum \u00feessa dagana.<\/span><\/p>\n<p><span style=\"color: #000000;\">Vi\u00f0 leggjum mikinn metna\u00f0 \u00ed n\u00fdsk\u00f6pun \u00ed vinnubr\u00f6g\u00f0um og erum tilb\u00fain a\u00f0 ganga langt til a\u00f0 pr\u00f3fa n\u00fdja a\u00f0fer\u00f0afr\u00e6\u00f0i e\u00f0a t\u00e6kni vi\u00f0 okkar vinnu.<\/span><\/p>\n<p><span style=\"color: #000000;\">Vi\u00f0 h\u00f6fum barist miki\u00f0 fyrir a\u00f0gengi opinberra gagna sem vi\u00f0 h\u00f6fum m.a. n\u00fdtt \u00ed okkar marka\u00f0sstarfi.<\/span>[\/vc_column_text][\/vc_column][\/vc_row][vc_row type=&#8221;full_width_background&#8221; full_screen_row_position=&#8221;middle&#8221; bg_color=&#8221;#ffffff&#8221; scene_position=&#8221;center&#8221; text_color=&#8221;dark&#8221; text_align=&#8221;left&#8221; top_padding=&#8221;120&#8243; bottom_padding=&#8221;80&#8243; overlay_strength=&#8221;0.3&#8243; shape_divider_position=&#8221;bottom&#8221; shape_type=&#8221;&#8221;][vc_column column_padding=&#8221;no-extra-padding&#8221; column_padding_position=&#8221;all&#8221; background_color_opacity=&#8221;1&#8243; background_hover_color_opacity=&#8221;1&#8243; column_link_target=&#8221;_self&#8221; column_shadow=&#8221;none&#8221; column_border_radius=&#8221;none&#8221; width=&#8221;1\/1&#8243; tablet_width_inherit=&#8221;default&#8221; tablet_text_alignment=&#8221;default&#8221; phone_text_alignment=&#8221;default&#8221; column_border_width=&#8221;none&#8221; column_border_style=&#8221;solid&#8221;]<div class=\"divider-wrap\" data-alignment=\"default\"><div style=\"height: 150px;\" class=\"divider\"><\/div><\/div>[vc_column_text max_width=&#8221;700&#8243; css=&#8221;.vc_custom_1712585397573{margin-bottom: 30px !important;}&#8221;]\n<h2 id=\"tw-target-text\" class=\"tw-data-text tw-ta tw-text-large\" dir=\"ltr\" data-placeholder=\"Translation\"><span lang=\"is\" tabindex=\"0\">Verkefnin<\/span><\/h2>\n<p>H\u00e9r eru nokkur d\u00e6mi um verkefni sem vi\u00f0 h\u00f6fum komi\u00f0 a\u00f0:<\/p>\n<p><a href=\"http:\/\/www.lavacentre.is\">LAVA Centre<\/a>, Hvolsvelli, er st\u00e6rsta eldfjalla- og jar\u00f0skj\u00e1lftas\u00fdning \u00e1 \u00cdslandi. H\u00fan er margver\u00f0launu\u00f0 og unnin af landsli\u00f0i s\u00fdningarh\u00f6nnu\u00f0a \u00e1 \u00cdslandi. Vi\u00f0 t\u00f3kum vi\u00f0 verkefninu 6 m\u00e1nu\u00f0um efitir opnum og sj\u00e1um \u00ed dag um um daglegan rekstur og marka\u00f0sm\u00e1l.<\/p>\n<p><a href=\"http:\/\/icelandia.com\">Icelandia<\/a>, er eitt st\u00e6rsta fer\u00f0a\u00fej\u00f3nustufyrirt\u00e6ki \u00e1 \u00cdslandi sem starfar sem regnhl\u00edf yfir v\u00f6rumerkin <a href=\"https:\/\/www.re.is\/\">Reykjav\u00edk Excursions<\/a>, <a href=\"https:\/\/www.re.is\/tour\/flybus\/?gad_source=1&amp;gclid=Cj0KCQjwq86wBhDiARIsAJhuphlOFWCOwwDueQfNnM7OESKKELxWjMYfYdpj1W1-hxYp_Q_yl62mz0EaAjWlEALw_wcB\">Flybus<\/a>, <a href=\"https:\/\/www.mountainguides.is\/\">Icelandic Mountain Guides<\/a>, <a href=\"https:\/\/www.dive.is\/\">Dive.is<\/a> ofl. Svartatindi var fali\u00f0 a\u00f0 \u00fearfagreina, finna samstarfsa\u00f0ila og st\u00fdra uppbyggingu stafr\u00e6nna s\u00f6lulausna (e. Ecommerce) Icelandia sem og a\u00f0 byrja h\u00f6nnun og innlei\u00f0ingu \u00e1 stafr\u00e6nu v\u00f6rumerkjauppbyggingu f\u00e9lagsins (e. Digital Branding). V\u00f6rumerki\u00f0 Icelandia f\u00e9kk \u00ed kj\u00f6lfari\u00f0 l\u00fa\u00f0ur \u00e1 \u00cdmark-h\u00e1t\u00ed\u00f0inni \u00ed flokknum &#8220;<a href=\"https:\/\/www.ludurinn.is\/tilnefningar-til-l%C3%BA%C3%B0ursins-2023\">m\u00f6rkunar &#8211; \u00e1s\u00fdnd v\u00f6rumerkis<\/a>&#8220;. Vefs\u00ed\u00f0an Icelandia.com er komin \u00ed lofti\u00f0 og n\u00fdjar stafr\u00e6nar lausnir \u00e1 lei\u00f0inni.<\/p>\n<p><a href=\"http:\/\/www.thelavatunnel.is\">The Lava Tunnel<\/a>, Raufarh\u00f3lshellir, er l\u00edklega eitt best heppna\u00f0a verkefni \u00ed fer\u00f0a\u00fej\u00f3nustu s\u00ed\u00f0ustu \u00e1r. Svartitindur kom\u00a0 a\u00f0 verkefninu stuttu eftir opnun me\u00f0 marka\u00f0sr\u00e1\u00f0gj\u00f6f. Vi\u00f0 unnum a\u00f0 marka\u00f0s\u00e1\u00e6tlunum, birtingastefnu, enduruppbyggingu vefs og stefnu og stj\u00f3rnun samf\u00e9lagsmi\u00f0la.<\/p>\n<p><a href=\"http:\/\/www.perlan.is\">Perlan<\/a>, eitt metna\u00f0arfyllsta verkefni \u00ed \u00e1fangasta\u00f0amarka\u00f0ssetningu \u00e1 \u00cdslandi. Vi\u00f0 komum a\u00f0 verkefninu daginn fyrir opnun og leiddum marka\u00f0ssetningu og samf\u00e9lagsmi\u00f0lavinnu fyrstu sex m\u00e1nu\u00f0ina.<\/p>\n<p><a href=\"https:\/\/www.ferdamalastofa.is\/\">Fer\u00f0am\u00e1lastofa<\/a>, Framt\u00ed\u00f0arfundur fer\u00f0a\u00fej\u00f3nustunnar, vinnufundur me\u00f0 helstu \u00e1hrifav\u00f6ldum \u00ed \u00edslenskri fer\u00f0a\u00fej\u00f3nustu. Stj\u00f3rnendur allra st\u00e6rstu fer\u00f0\u00feaj\u00f3nustua\u00f0ila \u00e1 \u00cdslandi \u00e1samt frumkv\u00f6\u00f0lum og opinberum a\u00f0ilum unnu a\u00f0 framt\u00ed\u00f0arverkefnalista fyrir \u00edslenska fer\u00f0a\u00fej\u00f3nustu.<\/p>\n<p>Fer\u00f0am\u00e1lastofa, Stafr\u00e6nn sandkassi fer\u00f0a\u00fej\u00f3nustunnar. Eitt af verkefnunum sem kom \u00fat \u00far Framt\u00ed\u00f0arfundinum. Sandkassinn er verkefni \u00fear sem vi\u00f0 erum a\u00f0 reyna a\u00f0 fl\u00fdta fyrir n\u00fdsk\u00f6pun \u00ed geiranum me\u00f0 opnu &#8220;pilot&#8221; ferli me\u00f0 lykila\u00f0ilum \u00ed \u00edslenskri fer\u00f0a\u00fej\u00f3nustu.<\/p>\n<p>Norr\u00e6na r\u00e1\u00f0herranefndin, Digital Tourism in the Nordics. Norr\u00e6nt verkefni sem \u00e1 a\u00f0 byggja \u00feekkingarvettvang fyrir fer\u00f0a\u00fej\u00f3nustu \u00e1 Nor\u00f0url\u00f6ndunum.<\/p>\n<p>Menntask\u00f3li Borgarfjar\u00f0ar og Samt\u00f6k sveitarf\u00e9laga \u00e1 Vesturlandi, <a href=\"https:\/\/www.youtube.com\/watch?v=nEgt5LtkHAI&amp;list=PLZiTNsBc714s8U5qztrhZLV867FvoyedW\">Menntun fyrir st\u00f6rf framt\u00ed\u00f0arinnar<\/a>. Stafr\u00e6n r\u00e1\u00f0stefna um framt\u00ed\u00f0arst\u00f6rf og hvernig sk\u00f6pum h\u00e6fni fyrir \u00feau st\u00f6rf.<\/p>\n<p><a href=\"https:\/\/www.overcast.is\/\">Overcast<\/a>, \u00fatr\u00e1s augl\u00fdsingakerfis til Nor\u00f0urlanda. Vi\u00f0 fylgdum Overcast til Noregs, fundum fyrstu vi\u00f0skitpavini og gengum fr\u00e1 samstarfssamningum. Gott d\u00e6mi um go-to-market vinnu sem vi\u00f0 h\u00f6fum unni\u00f0 fyrir skalanlega frumkv\u00f6\u00f0la.[\/vc_column_text][\/vc_column][\/vc_row][vc_row type=&#8221;full_width_background&#8221; full_screen_row_position=&#8221;middle&#8221; bg_color=&#8221;#ffffff&#8221; scene_position=&#8221;center&#8221; text_color=&#8221;dark&#8221; text_align=&#8221;left&#8221; top_padding=&#8221;120&#8243; bottom_padding=&#8221;80&#8243; overlay_strength=&#8221;0.3&#8243; shape_divider_position=&#8221;bottom&#8221; shape_type=&#8221;&#8221;][vc_column column_padding=&#8221;no-extra-padding&#8221; column_padding_position=&#8221;all&#8221; background_color_opacity=&#8221;1&#8243; background_hover_color_opacity=&#8221;1&#8243; column_link_target=&#8221;_self&#8221; column_shadow=&#8221;none&#8221; column_border_radius=&#8221;none&#8221; width=&#8221;1\/1&#8243; tablet_width_inherit=&#8221;default&#8221; tablet_text_alignment=&#8221;default&#8221; phone_text_alignment=&#8221;default&#8221; column_border_width=&#8221;none&#8221; column_border_style=&#8221;solid&#8221;]<div class=\"divider-wrap\" data-alignment=\"default\"><div style=\"height: 150px;\" class=\"divider\"><\/div><\/div>[vc_column_text max_width=&#8221;700&#8243; css=&#8221;.vc_custom_1618847519377{margin-bottom: 30px !important;}&#8221;]\n<h2 id=\"tw-target-text\" class=\"tw-data-text tw-ta tw-text-large\" dir=\"ltr\" data-placeholder=\"Translation\"><span lang=\"is\" tabindex=\"0\">Haf\u00f0u samband<\/span><\/h2>\n<p>Vertu endilega \u00ed sambandi ef \u00fe\u00fa heldur a\u00f0 vi\u00f0 getum hj\u00e1lpa\u00f0 e\u00f0a ef einhverjar spurningar vakna. Vi\u00f0 erum alltaf gl\u00f6\u00f0 a\u00f0 heyra \u00ed f\u00f3lki me\u00f0 st\u00f3rar hugmyndir.<\/p>\n<p>K\u00edktu \u00e1 okkur \u00e1 samf\u00e9lagsmi\u00f0lum e\u00f0a sendu p\u00f3st \u00e1\u00a0<a href=\"mailto:bardur@svartitindur.is\">bardur@svartitindur.is<\/a>[\/vc_column_text][\/vc_column][\/vc_row]\n","protected":false},"excerpt":{"rendered":"<p>[vc_row type=&#8221;full_width_background&#8221; full_screen_row_position=&#8221;middle&#8221; scene_position=&#8221;center&#8221; text_color=&#8221;dark&#8221; text_align=&#8221;left&#8221; top_padding=&#8221;120&#8243; bottom_padding=&#8221;80&#8243; overlay_strength=&#8221;0.3&#8243; shape_divider_position=&#8221;bottom&#8221; shape_type=&#8221;&#8221;][vc_column column_padding=&#8221;no-extra-padding&#8221; column_padding_position=&#8221;all&#8221; background_color_opacity=&#8221;1&#8243; background_hover_color_opacity=&#8221;1&#8243; column_link_target=&#8221;_self&#8221; column_shadow=&#8221;none&#8221; column_border_radius=&#8221;none&#8221; top_margin=&#8221;0&#8243; width=&#8221;1\/1&#8243; tablet_width_inherit=&#8221;default&#8221; tablet_text_alignment=&#8221;default&#8221; phone_text_alignment=&#8221;default&#8221; column_border_width=&#8221;none&#8221; column_border_style=&#8221;solid&#8221;][\/vc_column][vc_column&#8230;<\/p>\n","protected":false},"author":3,"featured_media":0,"parent":0,"menu_order":0,"comment_status":"closed","ping_status":"closed","template":"","meta":[],"_links":{"self":[{"href":"https:\/\/svartitindur.is\/index.php\/wp-json\/wp\/v2\/pages\/269"}],"collection":[{"href":"https:\/\/svartitindur.is\/index.php\/wp-json\/wp\/v2\/pages"}],"about":[{"href":"https:\/\/svartitindur.is\/index.php\/wp-json\/wp\/v2\/types\/page"}],"author":[{"embeddable":true,"href":"https:\/\/svartitindur.is\/index.php\/wp-json\/wp\/v2\/users\/3"}],"replies":[{"embeddable":true,"href":"https:\/\/svartitindur.is\/index.php\/wp-json\/wp\/v2\/comments?post=269"}],"version-history":[{"count":73,"href":"https:\/\/svartitindur.is\/index.php\/wp-json\/wp\/v2\/pages\/269\/revisions"}],"predecessor-version":[{"id":393,"href":"https:\/\/svartitindur.is\/index.php\/wp-json\/wp\/v2\/pages\/269\/revisions\/393"}],"wp:attachment":[{"href":"https:\/\/svartitindur.is\/index.php\/wp-json\/wp\/v2\/media?parent=269"}],"curies":[{"name":"wp","href":"https:\/\/api.w.org\/{rel}","templated":true}]}}